{"id":418,"date":"2024-04-23T09:01:18","date_gmt":"2024-04-23T09:01:18","guid":{"rendered":"https:\/\/mmlegal.hu\/blog\/"},"modified":"2024-04-23T10:15:27","modified_gmt":"2024-04-23T10:15:27","slug":"blog","status":"publish","type":"page","link":"https:\/\/mmlegal.hu\/en\/blog\/","title":{"rendered":"Blog"},"content":{"rendered":"\t\t<div data-elementor-type=\"wp-page\" data-elementor-id=\"418\" class=\"elementor elementor-418 elementor-386\">\n\t\t\t\t<div class=\"elementor-element elementor-element-280074c e-flex e-con-boxed e-con e-parent\" data-id=\"280074c\" data-element_type=\"container\">\n\t\t\t\t\t<div class=\"e-con-inner\">\n\t\t<div class=\"elementor-element elementor-element-de371ff e-con-full e-flex e-con e-child\" data-id=\"de371ff\" data-element_type=\"container\">\n\t\t\t\t<div class=\"elementor-element elementor-element-d918ce5 elementor-widget elementor-widget-heading\" data-id=\"d918ce5\" data-element_type=\"widget\" data-widget_type=\"heading.default\">\n\t\t\t\t<div class=\"elementor-widget-container\">\n\t\t\t<style>\/*! elementor - v3.21.0 - 18-04-2024 *\/\n.elementor-heading-title{padding:0;margin:0;line-height:1}.elementor-widget-heading .elementor-heading-title[class*=elementor-size-]>a{color:inherit;font-size:inherit;line-height:inherit}.elementor-widget-heading .elementor-heading-title.elementor-size-small{font-size:15px}.elementor-widget-heading .elementor-heading-title.elementor-size-medium{font-size:19px}.elementor-widget-heading .elementor-heading-title.elementor-size-large{font-size:29px}.elementor-widget-heading .elementor-heading-title.elementor-size-xl{font-size:39px}.elementor-widget-heading .elementor-heading-title.elementor-size-xxl{font-size:59px}<\/style><h1 class=\"elementor-heading-title elementor-size-default\">Blog<\/h1>\t\t<\/div>\n\t\t\t\t<\/div>\n\t\t\t\t<div class=\"elementor-element elementor-element-7586fae elementor-widget elementor-widget-text-editor\" data-id=\"7586fae\" data-element_type=\"widget\" data-widget_type=\"text-editor.default\">\n\t\t\t\t<div class=\"elementor-widget-container\">\n\t\t\t<style>\/*! elementor - v3.21.0 - 18-04-2024 *\/\n.elementor-widget-text-editor.elementor-drop-cap-view-stacked .elementor-drop-cap{background-color:#69727d;color:#fff}.elementor-widget-text-editor.elementor-drop-cap-view-framed .elementor-drop-cap{color:#69727d;border:3px solid;background-color:transparent}.elementor-widget-text-editor:not(.elementor-drop-cap-view-default) .elementor-drop-cap{margin-top:8px}.elementor-widget-text-editor:not(.elementor-drop-cap-view-default) .elementor-drop-cap-letter{width:1em;height:1em}.elementor-widget-text-editor .elementor-drop-cap{float:left;text-align:center;line-height:1;font-size:50px}.elementor-widget-text-editor .elementor-drop-cap-letter{display:inline-block}<\/style>\t\t\t\t<p>Useful articles and interesting facts from the world of lawyers!<\/p>\n\t\t\t\t\t\t<\/div>\n\t\t\t\t<\/div>\n\t\t\t\t<\/div>\n\t\t\t\t\t<\/div>\n\t\t\t\t<\/div>\n\t\t<div class=\"elementor-element elementor-element-c0531bf e-flex e-con-boxed e-con e-parent\" data-id=\"c0531bf\" data-element_type=\"container\">\n\t\t\t\t\t<div class=\"e-con-inner\">\n\t\t<div class=\"elementor-element elementor-element-f1b88ad e-con-full e-flex e-con e-child\" data-id=\"f1b88ad\" data-element_type=\"container\">\n\t\t\t\t<\/div>\n\t\t\t\t\t<\/div>\n\t\t\t\t<\/div>\n\t\t\t\t<\/div>\n\t\t","protected":false},"excerpt":{"rendered":"<p>Blog Useful articles and interesting facts from the world of lawyers!<\/p>\n","protected":false},"author":2,"featured_media":0,"parent":0,"menu_order":0,"comment_status":"closed","ping_status":"closed","template":"","meta":{"footnotes":""},"yoast_head":"<!-- This site is optimized with the Yoast SEO plugin v20.2.1 - https:\/\/yoast.com\/wordpress\/plugins\/seo\/ -->\n<title>Blog - dr. M\u00e9sz\u00e1ros M\u00e1ria<\/title>\n<meta name=\"robots\" content=\"index, follow, max-snippet:-1, max-image-preview:large, max-video-preview:-1\" \/>\n<link rel=\"canonical\" href=\"https:\/\/mmlegal.hu\/en\/blog\/\" \/>\n<meta property=\"og:locale\" content=\"en_US\" \/>\n<meta property=\"og:type\" content=\"article\" \/>\n<meta property=\"og:title\" content=\"Blog - dr. M\u00e9sz\u00e1ros M\u00e1ria\" \/>\n<meta property=\"og:description\" content=\"Blog Useful articles and interesting facts from the world of lawyers!\" \/>\n<meta property=\"og:url\" content=\"https:\/\/mmlegal.hu\/en\/blog\/\" \/>\n<meta property=\"og:site_name\" content=\"dr. M\u00e9sz\u00e1ros M\u00e1ria\" \/>\n<meta property=\"article:modified_time\" content=\"2024-04-23T10:15:27+00:00\" \/>\n<meta name=\"twitter:card\" content=\"summary_large_image\" \/>\n<script type=\"application\/ld+json\" class=\"yoast-schema-graph\">{\"@context\":\"https:\/\/schema.org\",\"@graph\":[{\"@type\":\"WebPage\",\"@id\":\"https:\/\/mmlegal.hu\/en\/blog\/\",\"url\":\"https:\/\/mmlegal.hu\/en\/blog\/\",\"name\":\"Blog - dr. M\u00e9sz\u00e1ros M\u00e1ria\",\"isPartOf\":{\"@id\":\"https:\/\/mmlegal.hu\/en\/#website\"},\"datePublished\":\"2024-04-23T09:01:18+00:00\",\"dateModified\":\"2024-04-23T10:15:27+00:00\",\"breadcrumb\":{\"@id\":\"https:\/\/mmlegal.hu\/en\/blog\/#breadcrumb\"},\"inLanguage\":\"en-US\",\"potentialAction\":[{\"@type\":\"ReadAction\",\"target\":[\"https:\/\/mmlegal.hu\/en\/blog\/\"]}]},{\"@type\":\"BreadcrumbList\",\"@id\":\"https:\/\/mmlegal.hu\/en\/blog\/#breadcrumb\",\"itemListElement\":[{\"@type\":\"ListItem\",\"position\":1,\"name\":\"Home\",\"item\":\"https:\/\/mmlegal.hu\/en\/\"},{\"@type\":\"ListItem\",\"position\":2,\"name\":\"Blog\"}]},{\"@type\":\"WebSite\",\"@id\":\"https:\/\/mmlegal.hu\/en\/#website\",\"url\":\"https:\/\/mmlegal.hu\/en\/\",\"name\":\"dr. M\u00e9sz\u00e1ros M\u00e1ria\",\"description\":\"&Uuml;gyv&eacute;d\",\"potentialAction\":[{\"@type\":\"SearchAction\",\"target\":{\"@type\":\"EntryPoint\",\"urlTemplate\":\"https:\/\/mmlegal.hu\/en\/?s={search_term_string}\"},\"query-input\":\"required name=search_term_string\"}],\"inLanguage\":\"en-US\"}]}<\/script>\n<!-- \/ Yoast SEO plugin. -->","yoast_head_json":{"title":"Blog - dr. M\u00e9sz\u00e1ros M\u00e1ria","robots":{"index":"index","follow":"follow","max-snippet":"max-snippet:-1","max-image-preview":"max-image-preview:large","max-video-preview":"max-video-preview:-1"},"canonical":"https:\/\/mmlegal.hu\/en\/blog\/","og_locale":"en_US","og_type":"article","og_title":"Blog - dr. M\u00e9sz\u00e1ros M\u00e1ria","og_description":"Blog Useful articles and interesting facts from the world of lawyers!","og_url":"https:\/\/mmlegal.hu\/en\/blog\/","og_site_name":"dr. M\u00e9sz\u00e1ros M\u00e1ria","article_modified_time":"2024-04-23T10:15:27+00:00","twitter_card":"summary_large_image","schema":{"@context":"https:\/\/schema.org","@graph":[{"@type":"WebPage","@id":"https:\/\/mmlegal.hu\/en\/blog\/","url":"https:\/\/mmlegal.hu\/en\/blog\/","name":"Blog - dr. M\u00e9sz\u00e1ros M\u00e1ria","isPartOf":{"@id":"https:\/\/mmlegal.hu\/en\/#website"},"datePublished":"2024-04-23T09:01:18+00:00","dateModified":"2024-04-23T10:15:27+00:00","breadcrumb":{"@id":"https:\/\/mmlegal.hu\/en\/blog\/#breadcrumb"},"inLanguage":"en-US","potentialAction":[{"@type":"ReadAction","target":["https:\/\/mmlegal.hu\/en\/blog\/"]}]},{"@type":"BreadcrumbList","@id":"https:\/\/mmlegal.hu\/en\/blog\/#breadcrumb","itemListElement":[{"@type":"ListItem","position":1,"name":"Home","item":"https:\/\/mmlegal.hu\/en\/"},{"@type":"ListItem","position":2,"name":"Blog"}]},{"@type":"WebSite","@id":"https:\/\/mmlegal.hu\/en\/#website","url":"https:\/\/mmlegal.hu\/en\/","name":"dr. M\u00e9sz\u00e1ros M\u00e1ria","description":"&Uuml;gyv&eacute;d","potentialAction":[{"@type":"SearchAction","target":{"@type":"EntryPoint","urlTemplate":"https:\/\/mmlegal.hu\/en\/?s={search_term_string}"},"query-input":"required name=search_term_string"}],"inLanguage":"en-US"}]}},"_links":{"self":[{"href":"https:\/\/mmlegal.hu\/en\/wp-json\/wp\/v2\/pages\/418"}],"collection":[{"href":"https:\/\/mmlegal.hu\/en\/wp-json\/wp\/v2\/pages"}],"about":[{"href":"https:\/\/mmlegal.hu\/en\/wp-json\/wp\/v2\/types\/page"}],"author":[{"embeddable":true,"href":"https:\/\/mmlegal.hu\/en\/wp-json\/wp\/v2\/users\/2"}],"replies":[{"embeddable":true,"href":"https:\/\/mmlegal.hu\/en\/wp-json\/wp\/v2\/comments?post=418"}],"version-history":[{"count":1,"href":"https:\/\/mmlegal.hu\/en\/wp-json\/wp\/v2\/pages\/418\/revisions"}],"predecessor-version":[{"id":419,"href":"https:\/\/mmlegal.hu\/en\/wp-json\/wp\/v2\/pages\/418\/revisions\/419"}],"wp:attachment":[{"href":"https:\/\/mmlegal.hu\/en\/wp-json\/wp\/v2\/media?parent=418"}],"curies":[{"name":"wp","href":"https:\/\/api.w.org\/{rel}","templated":true}]}}